{"id":89,"date":"2023-10-30T14:36:36","date_gmt":"2023-10-30T13:36:36","guid":{"rendered":"https:\/\/chalet-le-freney.com\/?page_id=89"},"modified":"2023-10-31T08:14:47","modified_gmt":"2023-10-31T07:14:47","slug":"appartements","status":"publish","type":"page","link":"https:\/\/chalet-le-freney.com\/?page_id=89","title":{"rendered":"Appartements"},"content":{"rendered":"\n<p><\/p>\n\n\n\n<p class=\"has-text-align-center\">Id\u00e9alement situ\u00e9 au c\u0153ur du village de Notre Dame de Bellecombe<br>Le chalet le Freney vous propose 3 appartements <\/p>\n\n\n\n<p><\/p>\n\n\n\n<hr class=\"wp-block-separator aligncenter has-alpha-channel-opacity\"\/>\n\n\n\n<div class=\"wp-block-columns is-layout-flex wp-container-core-columns-is-layout-1 wp-block-columns-is-layout-flex\">\n<div class=\"wp-block-column is-layout-flow wp-block-column-is-layout-flow\" style=\"flex-basis:20px\"><\/div>\n\n\n\n<div class=\"wp-block-column is-layout-flow wp-block-column-is-layout-flow\">\n<p class=\"has-text-align-center\"><strong>Appartement 1er \u00e9tage 6 personnes<\/strong><\/p>\n<\/div>\n\n\n\n<div class=\"wp-block-column is-layout-flow wp-block-column-is-layout-flow\">\n<p class=\"has-text-align-center\"><strong>Appartement Rez-de-chauss\u00e9e 6 personnes<\/strong><\/p>\n<\/div>\n\n\n\n<div class=\"wp-block-column is-layout-flow wp-block-column-is-layout-flow\">\n<p><strong>Studio Rez-de-jardin 4 personnes<\/strong><\/p>\n<\/div>\n\n\n\n<div class=\"wp-block-column is-layout-flow wp-block-column-is-layout-flow\" style=\"flex-basis:20px\"><\/div>\n<\/div>\n\n\n\n<div class=\"wp-block-columns are-vertically-aligned-top is-layout-flex wp-container-core-columns-is-layout-2 wp-block-columns-is-layout-flex\">\n<div class=\"wp-block-column is-layout-flow wp-block-column-is-layout-flow\" style=\"flex-basis:20px\"><\/div>\n\n\n\n<div class=\"wp-block-column is-layout-flow wp-block-column-is-layout-flow\"><div class=\"wp-block-image\">\n<figure class=\"aligncenter size-large is-resized\"><img loading=\"lazy\" decoding=\"async\" width=\"768\" height=\"1024\" src=\"https:\/\/chalet-le-freney.com\/wp-content\/uploads\/2024\/06\/20240617_162155-768x1024.jpg\" alt=\"\" class=\"wp-image-662\" style=\"width:197px;height:auto\" srcset=\"https:\/\/chalet-le-freney.com\/wp-content\/uploads\/2024\/06\/20240617_162155-768x1024.jpg 768w, https:\/\/chalet-le-freney.com\/wp-content\/uploads\/2024\/06\/20240617_162155-225x300.jpg 225w, https:\/\/chalet-le-freney.com\/wp-content\/uploads\/2024\/06\/20240617_162155-1152x1536.jpg 1152w, https:\/\/chalet-le-freney.com\/wp-content\/uploads\/2024\/06\/20240617_162155-1536x2048.jpg 1536w, https:\/\/chalet-le-freney.com\/wp-content\/uploads\/2024\/06\/20240617_162155-scaled.jpg 1920w\" sizes=\"(max-width: 768px) 100vw, 768px\" \/><\/figure><\/div><\/div>\n\n\n\n<div class=\"wp-block-column is-layout-flow wp-block-column-is-layout-flow\">\n<figure class=\"wp-block-image size-large\"><a href=\"https:\/\/chalet-le-freney.com\/?page_id=79\"><img loading=\"lazy\" decoding=\"async\" width=\"1024\" height=\"576\" src=\"http:\/\/chalet-le-freney.com\/wp-content\/uploads\/2023\/10\/20231031_150522-1024x576.jpg\" alt=\"\" class=\"wp-image-384\" srcset=\"https:\/\/chalet-le-freney.com\/wp-content\/uploads\/2023\/10\/20231031_150522-1024x576.jpg 1024w, https:\/\/chalet-le-freney.com\/wp-content\/uploads\/2023\/10\/20231031_150522-300x169.jpg 300w, https:\/\/chalet-le-freney.com\/wp-content\/uploads\/2023\/10\/20231031_150522-768x432.jpg 768w, https:\/\/chalet-le-freney.com\/wp-content\/uploads\/2023\/10\/20231031_150522-1536x864.jpg 1536w, https:\/\/chalet-le-freney.com\/wp-content\/uploads\/2023\/10\/20231031_150522-2048x1152.jpg 2048w, https:\/\/chalet-le-freney.com\/wp-content\/uploads\/2023\/10\/20231031_150522-800x450.jpg 800w\" sizes=\"(max-width: 1024px) 100vw, 1024px\" \/><\/a><\/figure>\n<\/div>\n\n\n\n<div class=\"wp-block-column is-layout-flow wp-block-column-is-layout-flow\">\n<figure class=\"wp-block-image size-large\"><a href=\"https:\/\/chalet-le-freney.com\/?page_id=81\"><img loading=\"lazy\" decoding=\"async\" width=\"1024\" height=\"576\" src=\"http:\/\/chalet-le-freney.com\/wp-content\/uploads\/2023\/10\/20231031_143804-1024x576.jpg\" alt=\"\" class=\"wp-image-435\" srcset=\"https:\/\/chalet-le-freney.com\/wp-content\/uploads\/2023\/10\/20231031_143804-1024x576.jpg 1024w, https:\/\/chalet-le-freney.com\/wp-content\/uploads\/2023\/10\/20231031_143804-300x169.jpg 300w, https:\/\/chalet-le-freney.com\/wp-content\/uploads\/2023\/10\/20231031_143804-768x432.jpg 768w, https:\/\/chalet-le-freney.com\/wp-content\/uploads\/2023\/10\/20231031_143804-1536x864.jpg 1536w, https:\/\/chalet-le-freney.com\/wp-content\/uploads\/2023\/10\/20231031_143804-2048x1152.jpg 2048w, https:\/\/chalet-le-freney.com\/wp-content\/uploads\/2023\/10\/20231031_143804-800x450.jpg 800w\" sizes=\"(max-width: 1024px) 100vw, 1024px\" \/><\/a><\/figure>\n<\/div>\n\n\n\n<div class=\"wp-block-column is-layout-flow wp-block-column-is-layout-flow\" style=\"flex-basis:20px\"><\/div>\n<\/div>\n\n\n\n<hr class=\"wp-block-separator alignwide has-alpha-channel-opacity is-style-default\"\/>\n","protected":false},"excerpt":{"rendered":"<p>Id\u00e9alement situ\u00e9 au c\u0153ur du village de Notre Dame de BellecombeLe chalet le Freney vous propose 3 appartements Appartement 1er \u00e9tage 6 personnes Appartement Rez-de-chauss\u00e9e 6 personnes Studio Rez-de-jardin 4 personnes<\/p>\n","protected":false},"author":1,"featured_media":0,"parent":0,"menu_order":0,"comment_status":"closed","ping_status":"closed","template":"template-page-builder-no-sidebar.php","meta":{"_eb_attr":"","om_disable_all_campaigns":false,"_monsterinsights_skip_tracking":false,"_monsterinsights_sitenote_active":false,"_monsterinsights_sitenote_note":"","_monsterinsights_sitenote_category":0,"ocean_post_layout":"both-sidebars","ocean_both_sidebars_style":"scs-style","ocean_both_sidebars_content_width":50,"ocean_both_sidebars_sidebars_width":25,"ocean_sidebar":"","ocean_second_sidebar":"","ocean_disable_margins":"enable","ocean_add_body_class":"","ocean_shortcode_before_top_bar":"","ocean_shortcode_after_top_bar":"","ocean_shortcode_before_header":"","ocean_shortcode_after_header":"","ocean_has_shortcode":"","ocean_shortcode_after_title":"","ocean_shortcode_before_footer_widgets":"","ocean_shortcode_after_footer_widgets":"","ocean_shortcode_before_footer_bottom":"","ocean_shortcode_after_footer_bottom":"","ocean_display_top_bar":"default","ocean_display_header":"default","ocean_header_style":"","ocean_center_header_left_menu":"","ocean_custom_header_template":"","ocean_custom_logo":0,"ocean_custom_retina_logo":0,"ocean_custom_logo_max_width":0,"ocean_custom_logo_tablet_max_width":0,"ocean_custom_logo_mobile_max_width":0,"ocean_custom_logo_max_height":0,"ocean_custom_logo_tablet_max_height":0,"ocean_custom_logo_mobile_max_height":0,"ocean_header_custom_menu":"","ocean_menu_typo_font_family":"","ocean_menu_typo_font_subset":"","ocean_menu_typo_font_size":0,"ocean_menu_typo_font_size_tablet":0,"ocean_menu_typo_font_size_mobile":0,"ocean_menu_typo_font_size_unit":"px","ocean_menu_typo_font_weight":"","ocean_menu_typo_font_weight_tablet":"","ocean_menu_typo_font_weight_mobile":"","ocean_menu_typo_transform":"","ocean_menu_typo_transform_tablet":"","ocean_menu_typo_transform_mobile":"","ocean_menu_typo_line_height":0,"ocean_menu_typo_line_height_tablet":0,"ocean_menu_typo_line_height_mobile":0,"ocean_menu_typo_line_height_unit":"","ocean_menu_typo_spacing":0,"ocean_menu_typo_spacing_tablet":0,"ocean_menu_typo_spacing_mobile":0,"ocean_menu_typo_spacing_unit":"","ocean_menu_link_color":"","ocean_menu_link_color_hover":"","ocean_menu_link_color_active":"","ocean_menu_link_background":"","ocean_menu_link_hover_background":"","ocean_menu_link_active_background":"","ocean_menu_social_links_bg":"","ocean_menu_social_hover_links_bg":"","ocean_menu_social_links_color":"","ocean_menu_social_hover_links_color":"","ocean_disable_title":"default","ocean_disable_heading":"default","ocean_post_title":"","ocean_post_subheading":"","ocean_post_title_style":"","ocean_post_title_background_color":"","ocean_post_title_background":0,"ocean_post_title_bg_image_position":"","ocean_post_title_bg_image_attachment":"","ocean_post_title_bg_image_repeat":"","ocean_post_title_bg_image_size":"","ocean_post_title_height":0,"ocean_post_title_bg_overlay":0.5,"ocean_post_title_bg_overlay_color":"","ocean_disable_breadcrumbs":"default","ocean_breadcrumbs_color":"","ocean_breadcrumbs_separator_color":"","ocean_breadcrumbs_links_color":"","ocean_breadcrumbs_links_hover_color":"","ocean_display_footer_widgets":"default","ocean_display_footer_bottom":"default","ocean_custom_footer_template":"","footnotes":""},"aioseo_notices":[],"_links":{"self":[{"href":"https:\/\/chalet-le-freney.com\/index.php?rest_route=\/wp\/v2\/pages\/89"}],"collection":[{"href":"https:\/\/chalet-le-freney.com\/index.php?rest_route=\/wp\/v2\/pages"}],"about":[{"href":"https:\/\/chalet-le-freney.com\/index.php?rest_route=\/wp\/v2\/types\/page"}],"author":[{"embeddable":true,"href":"https:\/\/chalet-le-freney.com\/index.php?rest_route=\/wp\/v2\/users\/1"}],"replies":[{"embeddable":true,"href":"https:\/\/chalet-le-freney.com\/index.php?rest_route=%2Fwp%2Fv2%2Fcomments&post=89"}],"version-history":[{"count":44,"href":"https:\/\/chalet-le-freney.com\/index.php?rest_route=\/wp\/v2\/pages\/89\/revisions"}],"predecessor-version":[{"id":277,"href":"https:\/\/chalet-le-freney.com\/index.php?rest_route=\/wp\/v2\/pages\/89\/revisions\/277"}],"wp:attachment":[{"href":"https:\/\/chalet-le-freney.com\/index.php?rest_route=%2Fwp%2Fv2%2Fmedia&parent=89"}],"curies":[{"name":"wp","href":"https:\/\/api.w.org\/{rel}","templated":true}]}}